{"id":2036,"date":"2020-05-09T18:41:14","date_gmt":"2020-05-09T18:41:14","guid":{"rendered":"https:\/\/www.marieclaudefelton.com\/?page_id=2036"},"modified":"2020-05-26T17:57:18","modified_gmt":"2020-05-26T17:57:18","slug":"les-lumieres-de-lombre-francais","status":"publish","type":"page","link":"https:\/\/www.marieclaudefelton.com\/fr\/les-lumieres-de-lombre-francais\/","title":{"rendered":"Les lumi\u00e8res de l&rsquo;ombre"},"content":{"rendered":"[vc_row type=\u00a0\u00bbfull_width_background\u00a0\u00bb full_screen_row_position=\u00a0\u00bbmiddle\u00a0\u00bb column_margin=\u00a0\u00bbdefault\u00a0\u00bb equal_height=\u00a0\u00bbyes\u00a0\u00bb content_placement=\u00a0\u00bbmiddle\u00a0\u00bb column_direction=\u00a0\u00bbdefault\u00a0\u00bb column_direction_tablet=\u00a0\u00bbdefault\u00a0\u00bb column_direction_phone=\u00a0\u00bbdefault\u00a0\u00bb bg_color=\u00a0\u00bb#141414&Prime; bg_image=\u00a0\u00bb1526&Prime; bg_position=\u00a0\u00bbleft top\u00a0\u00bb bg_repeat=\u00a0\u00bbno-repeat\u00a0\u00bb scene_position=\u00a0\u00bbcenter\u00a0\u00bb top_padding=\u00a0\u00bb9%\u00a0\u00bb bottom_padding=\u00a0\u00bb8%\u00a0\u00bb text_color=\u00a0\u00bblight\u00a0\u00bb text_align=\u00a0\u00bbleft\u00a0\u00bb row_border_radius=\u00a0\u00bbnone\u00a0\u00bb row_border_radius_applies=\u00a0\u00bbbg\u00a0\u00bb color_overlay=\u00a0\u00bb#212121&Prime; overlay_strength=\u00a0\u00bb0.8&Prime; gradient_direction=\u00a0\u00bbleft_to_right\u00a0\u00bb shape_divider_position=\u00a0\u00bbbottom\u00a0\u00bb bg_image_animation=\u00a0\u00bbnone\u00a0\u00bb shape_type=\u00a0\u00bb\u00a0\u00bb][vc_column column_padding=\u00a0\u00bbpadding-2-percent\u00a0\u00bb column_padding_tablet=\u00a0\u00bbinherit\u00a0\u00bb column_padding_phone=\u00a0\u00bbinherit\u00a0\u00bb column_padding_position=\u00a0\u00bbright\u00a0\u00bb background_color_opacity=\u00a0\u00bb1&Prime; background_hover_color_opacity=\u00a0\u00bb1&Prime; column_shadow=\u00a0\u00bbnone\u00a0\u00bb column_border_radius=\u00a0\u00bbnone\u00a0\u00bb column_link_target=\u00a0\u00bb_self\u00a0\u00bb gradient_direction=\u00a0\u00bbleft_to_right\u00a0\u00bb overlay_strength=\u00a0\u00bb0.3&Prime; width=\u00a0\u00bb1\/2&Prime; tablet_width_inherit=\u00a0\u00bbdefault\u00a0\u00bb tablet_text_alignment=\u00a0\u00bbdefault\u00a0\u00bb phone_text_alignment=\u00a0\u00bbdefault\u00a0\u00bb column_border_width=\u00a0\u00bbnone\u00a0\u00bb column_border_style=\u00a0\u00bbsolid\u00a0\u00bb bg_image_animation=\u00a0\u00bbnone\u00a0\u00bb][image_with_animation image_url=\u00a0\u00bb1520&Prime; animation=\u00a0\u00bbFade In\u00a0\u00bb hover_animation=\u00a0\u00bbnone\u00a0\u00bb alignment=\u00a0\u00bbcenter\u00a0\u00bb border_radius=\u00a0\u00bbnone\u00a0\u00bb box_shadow=\u00a0\u00bbnone\u00a0\u00bb image_loading=\u00a0\u00bbdefault\u00a0\u00bb max_width=\u00a0\u00bb100%\u00a0\u00bb max_width_mobile=\u00a0\u00bbdefault\u00a0\u00bb][vc_row_inner column_margin=\u00a0\u00bbdefault\u00a0\u00bb column_direction=\u00a0\u00bbdefault\u00a0\u00bb column_direction_tablet=\u00a0\u00bbdefault\u00a0\u00bb column_direction_phone=\u00a0\u00bbdefault\u00a0\u00bb text_align=\u00a0\u00bbcenter\u00a0\u00bb][vc_column_inner column_padding=\u00a0\u00bbno-extra-padding\u00a0\u00bb column_padding_tablet=\u00a0\u00bbinherit\u00a0\u00bb column_padding_phone=\u00a0\u00bbinherit\u00a0\u00bb column_padding_position=\u00a0\u00bball\u00a0\u00bb background_color_opacity=\u00a0\u00bb1&Prime; background_hover_color_opacity=\u00a0\u00bb1&Prime; column_shadow=\u00a0\u00bbnone\u00a0\u00bb column_border_radius=\u00a0\u00bbnone\u00a0\u00bb column_link_target=\u00a0\u00bb_self\u00a0\u00bb gradient_direction=\u00a0\u00bbleft_to_right\u00a0\u00bb overlay_strength=\u00a0\u00bb0.3&Prime; width=\u00a0\u00bb1\/1&Prime; tablet_width_inherit=\u00a0\u00bbdefault\u00a0\u00bb column_border_width=\u00a0\u00bbnone\u00a0\u00bb column_border_style=\u00a0\u00bbsolid\u00a0\u00bb bg_image_animation=\u00a0\u00bbnone\u00a0\u00bb][\/vc_column_inner][\/vc_row_inner][\/vc_column][vc_column column_padding=\u00a0\u00bbno-extra-padding\u00a0\u00bb column_padding_tablet=\u00a0\u00bbinherit\u00a0\u00bb column_padding_phone=\u00a0\u00bbinherit\u00a0\u00bb column_padding_position=\u00a0\u00bball\u00a0\u00bb background_color_opacity=\u00a0\u00bb1&Prime; background_hover_color_opacity=\u00a0\u00bb1&Prime; column_shadow=\u00a0\u00bbnone\u00a0\u00bb column_border_radius=\u00a0\u00bbnone\u00a0\u00bb column_link_target=\u00a0\u00bb_self\u00a0\u00bb gradient_direction=\u00a0\u00bbleft_to_right\u00a0\u00bb overlay_strength=\u00a0\u00bb0.3&Prime; width=\u00a0\u00bb1\/2&Prime; tablet_width_inherit=\u00a0\u00bbdefault\u00a0\u00bb tablet_text_alignment=\u00a0\u00bbdefault\u00a0\u00bb phone_text_alignment=\u00a0\u00bbdefault\u00a0\u00bb column_border_width=\u00a0\u00bbnone\u00a0\u00bb column_border_style=\u00a0\u00bbsolid\u00a0\u00bb bg_image_animation=\u00a0\u00bbnone\u00a0\u00bb][vc_column_text css=\u00a0\u00bb.vc_custom_1590514451115{padding-right: 5% !important;}\u00a0\u00bb]\n<h2 id=\"title\" class=\"a-size-large a-spacing-none\"><span id=\"productTitle\" class=\"a-size-large\">Les lumi\u00e8res de l&rsquo;ombre: Libres penseurs, h\u00e9r\u00e9tiques, espions<\/span><\/h2>\n[\/vc_column_text][vc_column_text css=\u00a0\u00bb.vc_custom_1588953652871{margin-bottom: 5px !important;}\u00a0\u00bb]\n<h5><\/h5>\n<h5>Exploring the Early Modern Undergroung : Reethinkers, Herectics, Spies. Sous la direction de S. Bisset, M.-C. Felton et C. T. Wolfe<\/h5>\n[\/vc_column_text][vc_column_text css=\u00a0\u00bb.vc_custom_1588953630593{margin-bottom: 30px !important;padding-right: 10% !important;}\u00a0\u00bb max_width=\u00a0\u00bb550&Prime;]Issus du s\u00e9minaire international des jeunes dix-huiti\u00e9mistes qu\u2019organise la Soci\u00e9t\u00e9 internationale d\u2019\u00e9tude du dix-huiti\u00e8me si\u00e8cle, les treize articles r\u00e9unis dans ce volume rel\u00e8vent d\u2019une pluralit\u00e9 de disciplines, depuis l\u2019histoire des id\u00e9es et l\u2019histoire sociale jusqu\u2019\u00e0 la philosophie et aux \u00e9tudes portant sur la litt\u00e9rature ou le genre. \u00c0 ce caract\u00e8re interdisciplinaire de l\u2019ouvrage s\u2019ajoute une dimension pleinement europ\u00e9enne et atlantique, puisque s\u2019y trouvent pris en compte l\u2019Europe occidentale, la Russie, les Polonais \u00e0 Paris, l\u2019antis\u00e9mitisme dans les manuscrits clandestins, etc. Cette diversit\u00e9 des approches et des objets refl\u00e8te non seulement l\u2019h\u00e9t\u00e9rog\u00e9n\u00e9it\u00e9 constitutive du XVIII<sup>e<\/sup>\u00a0si\u00e8cle, mais elle met aussi en \u00e9vidence l\u2019int\u00e9r\u00eat \u00e9minent que repr\u00e9sente l\u2019\u00e9tude de ses marges. \u00c0 ce titre, cet ouvrage repr\u00e9sente pleinement la mani\u00e8re dont une nouvelle g\u00e9n\u00e9ration de chercheurs r\u00e9invente la recherche historique actuelle.<\/p>\n<p><em>Les \u00e9diteurs scientifiques du volume, Sophie Bisset (Sussex), Marie- Claude Felton (Montr\u00e9al) et Charles Wolfe (Gand), sont chercheurs en histoire des id\u00e9es et en philosophie.<\/em>[\/vc_column_text][nectar_btn size=\u00a0\u00bblarge\u00a0\u00bb open_new_tab=\u00a0\u00bbtrue\u00a0\u00bb button_style=\u00a0\u00bbsee-through-3&Prime; color_override=\u00a0\u00bb#ff1053&Prime; hover_color_override=\u00a0\u00bb#ff1053&Prime; hover_text_color_override=\u00a0\u00bb#ffffff\u00a0\u00bb icon_family=\u00a0\u00bbnone\u00a0\u00bb url=\u00a0\u00bbhttps:\/\/www.honorechampion.com\/fr\/champion\/11283-book-08535346-9782745353467.html\u00a0\u00bb text=\u00a0\u00bbHONOR\u00c9 CHAMPION\u00a0\u00bb margin_top=\u00a0\u00bb15&Prime;][divider line_type=\u00a0\u00bbNo Line\u00a0\u00bb custom_height=\u00a0\u00bb50&Prime;][nectar_btn size=\u00a0\u00bbsmall\u00a0\u00bb button_style=\u00a0\u00bbsee-through-2&Prime; hover_color_override=\u00a0\u00bb#3452ff\u00a0\u00bb hover_text_color_override=\u00a0\u00bb#ffffff\u00a0\u00bb icon_family=\u00a0\u00bbnone\u00a0\u00bb text=\u00a0\u00bbACCUEIL\u00a0\u00bb url=\u00a0\u00bbhttps:\/\/www.marieclaudefelton.com\/fr\/\u00a0\u00bb][\/vc_column][\/vc_row]\n","protected":false},"excerpt":{"rendered":"<p>[vc_row type=\u00a0\u00bbfull_width_background\u00a0\u00bb full_screen_row_position=\u00a0\u00bbmiddle\u00a0\u00bb column_margin=\u00a0\u00bbdefault\u00a0\u00bb equal_height=\u00a0\u00bbyes\u00a0\u00bb content_placement=\u00a0\u00bbmiddle\u00a0\u00bb column_direction=\u00a0\u00bbdefault\u00a0\u00bb column_direction_tablet=\u00a0\u00bbdefault\u00a0\u00bb column_direction_phone=\u00a0\u00bbdefault\u00a0\u00bb bg_color=\u00a0\u00bb#141414&Prime; bg_image=\u00a0\u00bb1526&Prime; bg_position=\u00a0\u00bbleft top\u00a0\u00bb bg_repeat=\u00a0\u00bbno-repeat\u00a0\u00bb scene_position=\u00a0\u00bbcenter\u00a0\u00bb top_padding=\u00a0\u00bb9%\u00a0\u00bb bottom_padding=\u00a0\u00bb8%\u00a0\u00bb text_color=\u00a0\u00bblight\u00a0\u00bb text_align=\u00a0\u00bbleft\u00a0\u00bb row_border_radius=\u00a0\u00bbnone\u00a0\u00bb row_border_radius_applies=\u00a0\u00bbbg\u00a0\u00bb color_overlay=\u00a0\u00bb#212121&Prime; overlay_strength=\u00a0\u00bb0.8&Prime; gradient_direction=\u00a0\u00bbleft_to_right\u00a0\u00bb shape_divider_position=\u00a0\u00bbbottom\u00a0\u00bb bg_image_animation=\u00a0\u00bbnone\u00a0\u00bb shape_type=\u00a0\u00bb\u00a0\u00bb][vc_column column_padding=\u00a0\u00bbpadding-2-percent\u00a0\u00bb column_padding_tablet=\u00a0\u00bbinherit\u00a0\u00bb column_padding_phone=\u00a0\u00bbinherit\u00a0\u00bb&#8230;<\/p>\n","protected":false},"author":3,"featured_media":1641,"parent":0,"menu_order":0,"comment_status":"closed","ping_status":"closed","template":"","meta":{"footnotes":""},"class_list":["post-2036","page","type-page","status-publish","has-post-thumbnail"],"yoast_head":"<!-- This site is optimized with the Yoast SEO plugin v24.9 - https:\/\/yoast.com\/wordpress\/plugins\/seo\/ -->\n<title>Les lumi\u00e8res de l&#039;ombre - MarieClaudeFelton.com<\/title>\n<meta name=\"description\" content=\"Avec plus de 15 ans d&#039;exp\u00e9rience en tant qu&#039;historienne et enseignante, Marie-Claude Felton offre une large gamme de services aux particuliers et aux institutions, de la r\u00e9daction, la r\u00e9vision de th\u00e8ses, la traduction, l&#039;\u00e9dition, la recherche au tutorat et l&#039;enseignement.\" \/>\n<meta name=\"robots\" content=\"index, follow, max-snippet:-1, max-image-preview:large, max-video-preview:-1\" \/>\n<link rel=\"canonical\" href=\"https:\/\/www.marieclaudefelton.com\/fr\/les-lumieres-de-lombre-francais\/\" \/>\n<meta property=\"og:locale\" content=\"fr_FR\" \/>\n<meta property=\"og:type\" content=\"article\" \/>\n<meta property=\"og:title\" content=\"Les lumi\u00e8res de l&#039;ombre - MarieClaudeFelton.com\" \/>\n<meta property=\"og:description\" content=\"Avec plus de 15 ans d&#039;exp\u00e9rience en tant qu&#039;historienne et enseignante, Marie-Claude Felton offre une large gamme de services aux particuliers et aux institutions, de la r\u00e9daction, la r\u00e9vision de th\u00e8ses, la traduction, l&#039;\u00e9dition, la recherche au tutorat et l&#039;enseignement.\" \/>\n<meta property=\"og:url\" content=\"https:\/\/www.marieclaudefelton.com\/fr\/les-lumieres-de-lombre-francais\/\" \/>\n<meta property=\"og:site_name\" content=\"MarieClaudeFelton.com\" \/>\n<meta property=\"article:modified_time\" content=\"2020-05-26T17:57:18+00:00\" \/>\n<meta property=\"og:image\" content=\"https:\/\/www.marieclaudefelton.com\/wp-content\/uploads\/2020\/05\/marie-claude-felton-book-les-lumieres-de-lombre-231x341-1.jpg\" \/>\n\t<meta property=\"og:image:width\" content=\"231\" \/>\n\t<meta property=\"og:image:height\" content=\"341\" \/>\n\t<meta property=\"og:image:type\" content=\"image\/jpeg\" \/>\n<meta name=\"twitter:card\" content=\"summary_large_image\" \/>\n<meta name=\"twitter:label1\" content=\"Dur\u00e9e de lecture estim\u00e9e\" \/>\n\t<meta name=\"twitter:data1\" content=\"3 minutes\" \/>\n<script type=\"application\/ld+json\" class=\"yoast-schema-graph\">{\"@context\":\"https:\/\/schema.org\",\"@graph\":[{\"@type\":\"WebPage\",\"@id\":\"https:\/\/www.marieclaudefelton.com\/fr\/les-lumieres-de-lombre-francais\/\",\"url\":\"https:\/\/www.marieclaudefelton.com\/fr\/les-lumieres-de-lombre-francais\/\",\"name\":\"Les lumi\u00e8res de l'ombre - MarieClaudeFelton.com\",\"isPartOf\":{\"@id\":\"https:\/\/www.marieclaudefelton.com\/#website\"},\"primaryImageOfPage\":{\"@id\":\"https:\/\/www.marieclaudefelton.com\/fr\/les-lumieres-de-lombre-francais\/#primaryimage\"},\"image\":{\"@id\":\"https:\/\/www.marieclaudefelton.com\/fr\/les-lumieres-de-lombre-francais\/#primaryimage\"},\"thumbnailUrl\":\"https:\/\/www.marieclaudefelton.com\/wp-content\/uploads\/2020\/05\/marie-claude-felton-book-les-lumieres-de-lombre-231x341-1.jpg\",\"datePublished\":\"2020-05-09T18:41:14+00:00\",\"dateModified\":\"2020-05-26T17:57:18+00:00\",\"description\":\"Avec plus de 15 ans d'exp\u00e9rience en tant qu'historienne et enseignante, Marie-Claude Felton offre une large gamme de services aux particuliers et aux institutions, de la r\u00e9daction, la r\u00e9vision de th\u00e8ses, la traduction, l'\u00e9dition, la recherche au tutorat et l'enseignement.\",\"breadcrumb\":{\"@id\":\"https:\/\/www.marieclaudefelton.com\/fr\/les-lumieres-de-lombre-francais\/#breadcrumb\"},\"inLanguage\":\"fr-FR\",\"potentialAction\":[{\"@type\":\"ReadAction\",\"target\":[\"https:\/\/www.marieclaudefelton.com\/fr\/les-lumieres-de-lombre-francais\/\"]}]},{\"@type\":\"ImageObject\",\"inLanguage\":\"fr-FR\",\"@id\":\"https:\/\/www.marieclaudefelton.com\/fr\/les-lumieres-de-lombre-francais\/#primaryimage\",\"url\":\"https:\/\/www.marieclaudefelton.com\/wp-content\/uploads\/2020\/05\/marie-claude-felton-book-les-lumieres-de-lombre-231x341-1.jpg\",\"contentUrl\":\"https:\/\/www.marieclaudefelton.com\/wp-content\/uploads\/2020\/05\/marie-claude-felton-book-les-lumieres-de-lombre-231x341-1.jpg\",\"width\":231,\"height\":341,\"caption\":\"marie-claude-felton-book-les-lumieres-de-lombre\"},{\"@type\":\"BreadcrumbList\",\"@id\":\"https:\/\/www.marieclaudefelton.com\/fr\/les-lumieres-de-lombre-francais\/#breadcrumb\",\"itemListElement\":[{\"@type\":\"ListItem\",\"position\":1,\"name\":\"Home\",\"item\":\"https:\/\/www.marieclaudefelton.com\/fr\/marie-claude-felton\/\"},{\"@type\":\"ListItem\",\"position\":2,\"name\":\"Les lumi\u00e8res de l&rsquo;ombre\"}]},{\"@type\":\"WebSite\",\"@id\":\"https:\/\/www.marieclaudefelton.com\/#website\",\"url\":\"https:\/\/www.marieclaudefelton.com\/\",\"name\":\"MarieClaudeFelton.com\",\"description\":\"Expert in French and English communication and research\",\"potentialAction\":[{\"@type\":\"SearchAction\",\"target\":{\"@type\":\"EntryPoint\",\"urlTemplate\":\"https:\/\/www.marieclaudefelton.com\/?s={search_term_string}\"},\"query-input\":{\"@type\":\"PropertyValueSpecification\",\"valueRequired\":true,\"valueName\":\"search_term_string\"}}],\"inLanguage\":\"fr-FR\"}]}<\/script>\n<!-- \/ Yoast SEO plugin. -->","yoast_head_json":{"title":"Les lumi\u00e8res de l'ombre - MarieClaudeFelton.com","description":"Avec plus de 15 ans d'exp\u00e9rience en tant qu'historienne et enseignante, Marie-Claude Felton offre une large gamme de services aux particuliers et aux institutions, de la r\u00e9daction, la r\u00e9vision de th\u00e8ses, la traduction, l'\u00e9dition, la recherche au tutorat et l'enseignement.","robots":{"index":"index","follow":"follow","max-snippet":"max-snippet:-1","max-image-preview":"max-image-preview:large","max-video-preview":"max-video-preview:-1"},"canonical":"https:\/\/www.marieclaudefelton.com\/fr\/les-lumieres-de-lombre-francais\/","og_locale":"fr_FR","og_type":"article","og_title":"Les lumi\u00e8res de l'ombre - MarieClaudeFelton.com","og_description":"Avec plus de 15 ans d'exp\u00e9rience en tant qu'historienne et enseignante, Marie-Claude Felton offre une large gamme de services aux particuliers et aux institutions, de la r\u00e9daction, la r\u00e9vision de th\u00e8ses, la traduction, l'\u00e9dition, la recherche au tutorat et l'enseignement.","og_url":"https:\/\/www.marieclaudefelton.com\/fr\/les-lumieres-de-lombre-francais\/","og_site_name":"MarieClaudeFelton.com","article_modified_time":"2020-05-26T17:57:18+00:00","og_image":[{"width":231,"height":341,"url":"https:\/\/www.marieclaudefelton.com\/wp-content\/uploads\/2020\/05\/marie-claude-felton-book-les-lumieres-de-lombre-231x341-1.jpg","type":"image\/jpeg"}],"twitter_card":"summary_large_image","twitter_misc":{"Dur\u00e9e de lecture estim\u00e9e":"3 minutes"},"schema":{"@context":"https:\/\/schema.org","@graph":[{"@type":"WebPage","@id":"https:\/\/www.marieclaudefelton.com\/fr\/les-lumieres-de-lombre-francais\/","url":"https:\/\/www.marieclaudefelton.com\/fr\/les-lumieres-de-lombre-francais\/","name":"Les lumi\u00e8res de l'ombre - MarieClaudeFelton.com","isPartOf":{"@id":"https:\/\/www.marieclaudefelton.com\/#website"},"primaryImageOfPage":{"@id":"https:\/\/www.marieclaudefelton.com\/fr\/les-lumieres-de-lombre-francais\/#primaryimage"},"image":{"@id":"https:\/\/www.marieclaudefelton.com\/fr\/les-lumieres-de-lombre-francais\/#primaryimage"},"thumbnailUrl":"https:\/\/www.marieclaudefelton.com\/wp-content\/uploads\/2020\/05\/marie-claude-felton-book-les-lumieres-de-lombre-231x341-1.jpg","datePublished":"2020-05-09T18:41:14+00:00","dateModified":"2020-05-26T17:57:18+00:00","description":"Avec plus de 15 ans d'exp\u00e9rience en tant qu'historienne et enseignante, Marie-Claude Felton offre une large gamme de services aux particuliers et aux institutions, de la r\u00e9daction, la r\u00e9vision de th\u00e8ses, la traduction, l'\u00e9dition, la recherche au tutorat et l'enseignement.","breadcrumb":{"@id":"https:\/\/www.marieclaudefelton.com\/fr\/les-lumieres-de-lombre-francais\/#breadcrumb"},"inLanguage":"fr-FR","potentialAction":[{"@type":"ReadAction","target":["https:\/\/www.marieclaudefelton.com\/fr\/les-lumieres-de-lombre-francais\/"]}]},{"@type":"ImageObject","inLanguage":"fr-FR","@id":"https:\/\/www.marieclaudefelton.com\/fr\/les-lumieres-de-lombre-francais\/#primaryimage","url":"https:\/\/www.marieclaudefelton.com\/wp-content\/uploads\/2020\/05\/marie-claude-felton-book-les-lumieres-de-lombre-231x341-1.jpg","contentUrl":"https:\/\/www.marieclaudefelton.com\/wp-content\/uploads\/2020\/05\/marie-claude-felton-book-les-lumieres-de-lombre-231x341-1.jpg","width":231,"height":341,"caption":"marie-claude-felton-book-les-lumieres-de-lombre"},{"@type":"BreadcrumbList","@id":"https:\/\/www.marieclaudefelton.com\/fr\/les-lumieres-de-lombre-francais\/#breadcrumb","itemListElement":[{"@type":"ListItem","position":1,"name":"Home","item":"https:\/\/www.marieclaudefelton.com\/fr\/marie-claude-felton\/"},{"@type":"ListItem","position":2,"name":"Les lumi\u00e8res de l&rsquo;ombre"}]},{"@type":"WebSite","@id":"https:\/\/www.marieclaudefelton.com\/#website","url":"https:\/\/www.marieclaudefelton.com\/","name":"MarieClaudeFelton.com","description":"Expert in French and English communication and research","potentialAction":[{"@type":"SearchAction","target":{"@type":"EntryPoint","urlTemplate":"https:\/\/www.marieclaudefelton.com\/?s={search_term_string}"},"query-input":{"@type":"PropertyValueSpecification","valueRequired":true,"valueName":"search_term_string"}}],"inLanguage":"fr-FR"}]}},"_links":{"self":[{"href":"https:\/\/www.marieclaudefelton.com\/fr\/wp-json\/wp\/v2\/pages\/2036"}],"collection":[{"href":"https:\/\/www.marieclaudefelton.com\/fr\/wp-json\/wp\/v2\/pages"}],"about":[{"href":"https:\/\/www.marieclaudefelton.com\/fr\/wp-json\/wp\/v2\/types\/page"}],"author":[{"embeddable":true,"href":"https:\/\/www.marieclaudefelton.com\/fr\/wp-json\/wp\/v2\/users\/3"}],"replies":[{"embeddable":true,"href":"https:\/\/www.marieclaudefelton.com\/fr\/wp-json\/wp\/v2\/comments?post=2036"}],"version-history":[{"count":11,"href":"https:\/\/www.marieclaudefelton.com\/fr\/wp-json\/wp\/v2\/pages\/2036\/revisions"}],"predecessor-version":[{"id":2388,"href":"https:\/\/www.marieclaudefelton.com\/fr\/wp-json\/wp\/v2\/pages\/2036\/revisions\/2388"}],"wp:featuredmedia":[{"embeddable":true,"href":"https:\/\/www.marieclaudefelton.com\/fr\/wp-json\/wp\/v2\/media\/1641"}],"wp:attachment":[{"href":"https:\/\/www.marieclaudefelton.com\/fr\/wp-json\/wp\/v2\/media?parent=2036"}],"curies":[{"name":"wp","href":"https:\/\/api.w.org\/{rel}","templated":true}]}}